{"id":6735,"date":"2024-06-28T11:43:59","date_gmt":"2024-06-28T08:43:59","guid":{"rendered":"https:\/\/www.lifemarenatura.eu\/?page_id=6735"},"modified":"2024-10-11T03:08:14","modified_gmt":"2024-10-11T00:08:14","slug":"ichthyaetus-audouinii","status":"publish","type":"page","link":"https:\/\/www.lifemarenatura.eu\/it\/species\/ichthyaetus-audouinii\/","title":{"rendered":"Gabbiano dell\u2019Egeo (Ichthyaetus audouinii)"},"content":{"rendered":"[vc_row type=&#8221;in_container&#8221; full_screen_row_position=&#8221;middle&#8221; column_margin=&#8221;default&#8221; column_direction=&#8221;default&#8221; column_direction_tablet=&#8221;default&#8221; column_direction_phone=&#8221;default&#8221; scene_position=&#8221;center&#8221; top_padding=&#8221;80&#8243; text_color=&#8221;dark&#8221; text_align=&#8221;left&#8221; row_border_radius=&#8221;none&#8221; row_border_radius_applies=&#8221;bg&#8221; overflow=&#8221;visible&#8221; overlay_strength=&#8221;0.3&#8243; gradient_direction=&#8221;left_to_right&#8221; shape_divider_position=&#8221;bottom&#8221; bg_image_animation=&#8221;none&#8221; gradient_type=&#8221;default&#8221; shape_type=&#8221;&#8221;][vc_column column_padding=&#8221;no-extra-padding&#8221; column_padding_tablet=&#8221;inherit&#8221; column_padding_phone=&#8221;inherit&#8221; column_padding_position=&#8221;all&#8221; column_element_direction_desktop=&#8221;default&#8221; column_element_spacing=&#8221;default&#8221; desktop_text_alignment=&#8221;default&#8221; tablet_text_alignment=&#8221;default&#8221; phone_text_alignment=&#8221;default&#8221; background_color_opacity=&#8221;1&#8243; background_hover_color_opacity=&#8221;1&#8243; column_backdrop_filter=&#8221;none&#8221; column_shadow=&#8221;none&#8221; column_border_radius=&#8221;none&#8221; column_link_target=&#8221;_self&#8221; column_position=&#8221;default&#8221; gradient_direction=&#8221;left_to_right&#8221; overlay_strength=&#8221;0.3&#8243; width=&#8221;1\/2&#8243; tablet_width_inherit=&#8221;default&#8221; animation_type=&#8221;default&#8221; bg_image_animation=&#8221;none&#8221; border_type=&#8221;simple&#8221; column_border_width=&#8221;none&#8221; column_border_style=&#8221;solid&#8221;][vc_column_text text_direction=&#8221;default&#8221;]\n<h3><span style=\"color: #ff6600;\"><strong>Distribuzione \u2013 popolazione<\/strong><\/span><\/h3>\n<p style=\"text-align: justify;\">Il Gabbiano dell\u2019Egeo (<em>Ichthyaetus audouinii<\/em>, precedentemente <em>Larus audouinii<\/em>) \u00e8 un gabbiano endemico del Mediterraneo e della costa atlantica dell&#8217;Africa nel nord del Marocco, il pi\u00f9 raro a riprodursi in Grecia. Si stima che la popolazione della specie nel Mediterraneo sia compresa tra 15.700 e 21.000 coppie, e gran parte della popolazione si \u00e8 attualmente trasferita in Portogallo. La sua distribuzione riproduttiva in Grecia \u00e8 concentrata principalmente nel Mar Egeo (Cicladi, Egeo nordorientale, Dodecaneso, Citera e Creta), mentre non \u00e8 stata verificata riproduzione nel Mar Ionio. La popolazione nidificante del Gabbiano dell\u2019Egeo nel 2010 era stimata in 350 &#8211; 500 coppie, mostrando una diminuzione del 28-33% rispetto alla stima iniziale del 1997-99. Nel periodo 2021-23 si stima che la popolazione della specie sia diminuita del 65% rispetto al primo censimento, e quindi la specie \u00e8 considerata in via di estinzione.<\/p>\n<p style=\"text-align: justify;\">La distribuzione invernale e i movimenti migratori della specie in Grecia sono sostanzialmente sconosciuti. Parte della popolazione rimane nei mari greci, anche se si ritiene che gran parte sverni lungo le coste settentrionali e occidentali dell&#8217;Africa, in particolare nelle zone umide costiere.<\/p>\n<p style=\"text-align: justify;\">Il Gabbiano dell&#8217;Egeo differisce dagli altri gabbiani in quanto \u00e8 maggiormente associato alla zona costiera ed evita l&#8217;entroterra. Di solito preferisce stare lontano dalle persone. Sceglie habitat costieri e si nutre solitamente lungo la costa. Nidifica su isolotti disabitati in leggera pendenza e scarsamente vegetati e gravita attorno agli isolotti che seleziona annualmente all&#8217;interno di un&#8217;area fissa pi\u00f9 ampia, con possibile mescolanza tra aree vicine.<\/p>\n<h3 style=\"text-align: justify;\"><span style=\"color: #ff6600;\"><strong>Minacce<\/strong><\/span><\/h3>\n<p style=\"text-align: justify;\">A livello globale, le popolazioni di uccelli marini stanno diminuendo pi\u00f9 velocemente di qualsiasi altro gruppo di uccelli poich\u00e9 devono affrontare un\u2019ampia gamma di minacce sia in mare che a terra.<\/p>\n<ul style=\"text-align: justify;\">\n<li>Impigliamento accidentale negli attrezzi da pesca: : pu\u00f2 causare lesioni o addirittura annegamento.<\/li>\n<li>Predazione da parte di predatori stranieri: I piccoli e le uova sono vulnerabili alla predazione da parte di specie aliene introdotte su isole disabitate dagli esseri umani, come i ratti.<\/li>\n<li>Degradazione delle colonie: L\u2019inquinamento luminoso, l\u2019inquinamento acustico e l\u2019intensa attivit\u00e0 umana sugli isolotti disabitati, soprattutto durante la stagione riproduttiva, possono portare al fallimento della riproduzione. Allo stesso tempo, le luci intense possono disorientare i giovani uccelli che lasciano i loro nidi, facendoli atterrare sulla terra e perdere la strada.<\/li>\n<li>Intensa attivit\u00e0 turistica<\/li>\n<li>Esaurimento delle risorse ittiche a causa della pesca eccessiva<\/li>\n<li>Inquinamento marino: Come tutte le altre specie marine, i Gabbiani d\u2019Egeo consumano accidentalmente rifiuti di plastica scambiandoli per cibo. Se ingerita, la plastica all\u2019interno dei corpi degli uccelli marini si decompone e pu\u00f2 causare una reazione tossica o portare a ridotta forma fisica, malnutrizione e persino alla morte.<\/li>\n<li>Influenza aviaria<\/li>\n<\/ul>\n<h3 style=\"text-align: justify;\"><span style=\"color: #ff6600;\">Biologia \u2013 ecologia<\/span><\/h3>\n<p style=\"text-align: justify;\"><strong>Alimentazione:<\/strong> Appassionato pescatore, \u00e8 una specie meno opportunista del Gabbiano reale. A differenza degli uccelli marini pelagici come la berta minore, il Gabbiano dell\u2019Egeo \u00e8 un pescatore costiero e sembra essere fedele alle proprie zone di foraggiamento; percorre occasionalmente diverse miglia nautiche per trovare la migliore zona di pesca. Si nutre principalmente di pesci pelagici, e spesso segue i pescherecci e sfrutta i rigetti della pesca. Pu\u00f2 nutrirsi anche di invertebrati acquatici e terrestri, piccoli uccelli e piante marine (alghe, ecc.).<\/p>\n<p style=\"text-align: justify;\"><strong>Lunghezza del corpo:<\/strong> fino a circa 48-57 cm<\/p>\n<p style=\"text-align: justify;\"><strong>Peso:<\/strong> 500-800 g.<\/p>\n<p style=\"text-align: justify;\"><strong>Apertura alare:<\/strong> 1,45-1,38 m.<\/p>\n<p style=\"text-align: justify;\"><strong>Numero di uova\/nido:<\/strong> 1-3<\/p>\n<p style=\"text-align: justify;\"><strong>Profondit\u00e0 di immersione:<\/strong> fino a 10 metri<\/p>\n[\/vc_column_text][\/vc_column][vc_column column_padding=&#8221;no-extra-padding&#8221; column_padding_tablet=&#8221;inherit&#8221; column_padding_phone=&#8221;inherit&#8221; column_padding_position=&#8221;all&#8221; column_element_direction_desktop=&#8221;default&#8221; column_element_spacing=&#8221;default&#8221; desktop_text_alignment=&#8221;default&#8221; tablet_text_alignment=&#8221;default&#8221; phone_text_alignment=&#8221;default&#8221; background_color_opacity=&#8221;1&#8243; background_hover_color_opacity=&#8221;1&#8243; column_backdrop_filter=&#8221;none&#8221; column_shadow=&#8221;none&#8221; column_border_radius=&#8221;none&#8221; column_link_target=&#8221;_self&#8221; column_position=&#8221;default&#8221; gradient_direction=&#8221;left_to_right&#8221; overlay_strength=&#8221;0.3&#8243; width=&#8221;1\/2&#8243; tablet_width_inherit=&#8221;default&#8221; animation_type=&#8221;default&#8221; bg_image_animation=&#8221;none&#8221; border_type=&#8221;simple&#8221; column_border_width=&#8221;none&#8221; column_border_style=&#8221;solid&#8221; column_padding_type=&#8221;default&#8221; gradient_type=&#8221;default&#8221;][vc_gallery type=&#8221;nectarslider_style&#8221; images=&#8221;6747,5916,5918,6748&#8243; image_loading=&#8221;default&#8221; bullet_navigation_style=&#8221;see_through&#8221; onclick=&#8221;link_image&#8221;][fancy_box box_style=&#8221;parallax_hover&#8221; icon_family=&#8221;none&#8221; image_url=&#8221;5940&#8243; parallax_hover_box_alignment=&#8221;middle&#8221; parallax_hover_box_overlay=&#8221;#00a0e3&#8243; parallax_hover_box_overlay_opacity=&#8221;0.6&#8243; parallax_hover_box_overlay_opacity_hover=&#8221;0.2&#8243; border_radius=&#8221;10px&#8221; image_loading=&#8221;default&#8221; enable_animation=&#8221;true&#8221; animation=&#8221;fade-in&#8221; link_url=&#8221;https:\/\/www.lifemarenatura.eu\/species\/&#8221; delay=&#8221;200&#8243;]\n<h2 style=\"text-align: center;\"><strong>Specie<\/strong><\/h2>\n[\/fancy_box][\/vc_column][\/vc_row]","protected":false},"excerpt":{"rendered":"<p>[vc_row type=&#8221;in_container&#8221; full_screen_row_position=&#8221;middle&#8221; column_margin=&#8221;default&#8221; column_direction=&#8221;default&#8221; column_direction_tablet=&#8221;default&#8221; column_direction_phone=&#8221;default&#8221; scene_position=&#8221;center&#8221; top_padding=&#8221;80&#8243; text_color=&#8221;dark&#8221; text_align=&#8221;left&#8221; row_border_radius=&#8221;none&#8221; row_border_radius_applies=&#8221;bg&#8221; overflow=&#8221;visible&#8221; overlay_strength=&#8221;0.3&#8243; gradient_direction=&#8221;left_to_right&#8221; shape_divider_position=&#8221;bottom&#8221; bg_image_animation=&#8221;none&#8221; gradient_type=&#8221;default&#8221; shape_type=&#8221;&#8221;][vc_column column_padding=&#8221;no-extra-padding&#8221; column_padding_tablet=&#8221;inherit&#8221; column_padding_phone=&#8221;inherit&#8221; column_padding_position=&#8221;all&#8221; column_element_direction_desktop=&#8221;default&#8221;&#8230;<\/p>\n","protected":false},"author":2,"featured_media":0,"parent":6135,"menu_order":0,"comment_status":"closed","ping_status":"closed","template":"","meta":{"footnotes":""},"folder":[],"class_list":["post-6735","page","type-page","status-publish"],"_links":{"self":[{"href":"https:\/\/www.lifemarenatura.eu\/it\/wp-json\/wp\/v2\/pages\/6735","targetHints":{"allow":["GET"]}}],"collection":[{"href":"https:\/\/www.lifemarenatura.eu\/it\/wp-json\/wp\/v2\/pages"}],"about":[{"href":"https:\/\/www.lifemarenatura.eu\/it\/wp-json\/wp\/v2\/types\/page"}],"author":[{"embeddable":true,"href":"https:\/\/www.lifemarenatura.eu\/it\/wp-json\/wp\/v2\/users\/2"}],"replies":[{"embeddable":true,"href":"https:\/\/www.lifemarenatura.eu\/it\/wp-json\/wp\/v2\/comments?post=6735"}],"version-history":[{"count":23,"href":"https:\/\/www.lifemarenatura.eu\/it\/wp-json\/wp\/v2\/pages\/6735\/revisions"}],"predecessor-version":[{"id":6911,"href":"https:\/\/www.lifemarenatura.eu\/it\/wp-json\/wp\/v2\/pages\/6735\/revisions\/6911"}],"up":[{"embeddable":true,"href":"https:\/\/www.lifemarenatura.eu\/it\/wp-json\/wp\/v2\/pages\/6135"}],"wp:attachment":[{"href":"https:\/\/www.lifemarenatura.eu\/it\/wp-json\/wp\/v2\/media?parent=6735"}],"wp:term":[{"taxonomy":"folder","embeddable":true,"href":"https:\/\/www.lifemarenatura.eu\/it\/wp-json\/wp\/v2\/folder?post=6735"}],"curies":[{"name":"wp","href":"https:\/\/api.w.org\/{rel}","templated":true}]}}