{"id":6488,"date":"2024-04-14T20:48:52","date_gmt":"2024-04-14T17:48:52","guid":{"rendered":"https:\/\/www.lifemarenatura.eu\/?page_id=6488"},"modified":"2024-07-09T14:37:57","modified_gmt":"2024-07-09T11:37:57","slug":"ziphius-cavirostris","status":"publish","type":"page","link":"https:\/\/www.lifemarenatura.eu\/it\/species\/ziphius-cavirostris\/","title":{"rendered":"Zifio (Ziphius cavirostris)"},"content":{"rendered":"[vc_row type=&#8221;full_width_background&#8221; full_screen_row_position=&#8221;middle&#8221; column_margin=&#8221;30px&#8221; column_direction=&#8221;default&#8221; column_direction_tablet=&#8221;default&#8221; column_direction_phone=&#8221;default&#8221; scene_position=&#8221;center&#8221; top_padding=&#8221;100&#8243; text_color=&#8221;dark&#8221; text_align=&#8221;left&#8221; row_border_radius=&#8221;none&#8221; row_border_radius_applies=&#8221;bg&#8221; overflow=&#8221;visible&#8221; overlay_strength=&#8221;0.3&#8243; gradient_direction=&#8221;left_to_right&#8221; shape_divider_position=&#8221;bottom&#8221; bg_image_animation=&#8221;none&#8221; gradient_type=&#8221;default&#8221; shape_type=&#8221;&#8221;][vc_column column_padding=&#8221;no-extra-padding&#8221; column_padding_tablet=&#8221;inherit&#8221; column_padding_phone=&#8221;inherit&#8221; column_padding_position=&#8221;all&#8221; column_element_direction_desktop=&#8221;default&#8221; column_element_spacing=&#8221;default&#8221; desktop_text_alignment=&#8221;default&#8221; tablet_text_alignment=&#8221;default&#8221; phone_text_alignment=&#8221;default&#8221; background_color_opacity=&#8221;1&#8243; background_hover_color_opacity=&#8221;1&#8243; column_backdrop_filter=&#8221;none&#8221; column_shadow=&#8221;none&#8221; column_border_radius=&#8221;none&#8221; column_link_target=&#8221;_self&#8221; column_position=&#8221;default&#8221; gradient_direction=&#8221;left_to_right&#8221; overlay_strength=&#8221;0.3&#8243; width=&#8221;1\/2&#8243; tablet_width_inherit=&#8221;default&#8221; animation_type=&#8221;default&#8221; bg_image_animation=&#8221;none&#8221; border_type=&#8221;simple&#8221; column_border_width=&#8221;none&#8221; column_border_style=&#8221;solid&#8221;][vc_column_text text_direction=&#8221;default&#8221;]\n<h3 style=\"text-align: justify;\"><span style=\"color: #ff6600;\"><strong>Distribuzione &#8211; popolazione<\/strong><\/span><\/h3>\n<p style=\"text-align: justify;\">Lo zifio \u00e8 una specie prettamente pelagica. Si trova in tutti i mari tropicali e temperati freddi, in piccoli gruppi. Predilige le zone con acque ripide e aperte e si immerge pi\u00f9 in profondit\u00e0 di tutti i cetacei, fino a 3.000 m. Nel Mediterraneo \u00e8 considerata specie comune, e le principali aree di distribuzione sono l\u2019arco ellenico (Ionio\/sudovest Creta-Rodi).<\/p>\n<p style=\"text-align: justify;\">La specie \u00e8 poco studiata.<\/p>\n<h3 style=\"text-align: justify;\"><span style=\"color: #ff6600;\"><strong>Minacce<\/strong><\/span><\/h3>\n<ul style=\"text-align: justify;\">\n<li>Rumore sottomarino<\/li>\n<li>Scarsit\u00e0 di cibo a causa della pesca eccessiva<\/li>\n<li>Collisione con barche<\/li>\n<li>Cambiamento climatico<\/li>\n<\/ul>\n<h3 style=\"text-align: justify;\"><span style=\"color: #ff6600;\"><strong>Biologia &#8211; ecologia<\/strong><\/span><\/h3>\n<p><strong>Dieta:<\/strong> Calamari di acque profonde<\/p>\n<p><strong>Lunghezza del corpo:<\/strong> fino a 6m<\/p>\n<p><strong>Peso:<\/strong> fino a 3 tonnellate<\/p>\n<p><strong>Durata della vita:<\/strong> fino a 36 anni<\/p>\n[\/vc_column_text][\/vc_column][vc_column column_padding=&#8221;no-extra-padding&#8221; column_padding_tablet=&#8221;inherit&#8221; column_padding_phone=&#8221;inherit&#8221; column_padding_position=&#8221;all&#8221; column_element_direction_desktop=&#8221;default&#8221; column_element_spacing=&#8221;default&#8221; desktop_text_alignment=&#8221;default&#8221; tablet_text_alignment=&#8221;default&#8221; phone_text_alignment=&#8221;default&#8221; background_color_opacity=&#8221;1&#8243; background_hover_color_opacity=&#8221;1&#8243; column_backdrop_filter=&#8221;none&#8221; column_shadow=&#8221;none&#8221; column_border_radius=&#8221;none&#8221; column_link_target=&#8221;_self&#8221; column_position=&#8221;default&#8221; gradient_direction=&#8221;left_to_right&#8221; overlay_strength=&#8221;0.3&#8243; width=&#8221;1\/2&#8243; tablet_width_inherit=&#8221;default&#8221; animation_type=&#8221;default&#8221; bg_image_animation=&#8221;none&#8221; border_type=&#8221;simple&#8221; column_border_width=&#8221;none&#8221; column_border_style=&#8221;solid&#8221;][vc_gallery type=&#8221;nectarslider_style&#8221; images=&#8221;5946,5943,5944,5947,5948,5949,5950&#8243; image_loading=&#8221;default&#8221; bullet_navigation_style=&#8221;see_through&#8221; onclick=&#8221;link_image&#8221;][fancy_box box_style=&#8221;parallax_hover&#8221; icon_family=&#8221;none&#8221; image_url=&#8221;5940&#8243; parallax_hover_box_alignment=&#8221;middle&#8221; parallax_hover_box_overlay=&#8221;#00a0e3&#8243; parallax_hover_box_overlay_opacity=&#8221;0.6&#8243; parallax_hover_box_overlay_opacity_hover=&#8221;0.2&#8243; border_radius=&#8221;10px&#8221; image_loading=&#8221;default&#8221; enable_animation=&#8221;true&#8221; animation=&#8221;fade-in&#8221; link_url=&#8221;https:\/\/www.lifemarenatura.eu\/species\/&#8221; delay=&#8221;200&#8243;]\n<h2 style=\"text-align: center;\">Species<\/h2>\n[\/fancy_box][\/vc_column][\/vc_row]","protected":false},"excerpt":{"rendered":"<p>[vc_row type=&#8221;full_width_background&#8221; full_screen_row_position=&#8221;middle&#8221; column_margin=&#8221;30px&#8221; column_direction=&#8221;default&#8221; column_direction_tablet=&#8221;default&#8221; column_direction_phone=&#8221;default&#8221; scene_position=&#8221;center&#8221; top_padding=&#8221;100&#8243; text_color=&#8221;dark&#8221; text_align=&#8221;left&#8221; row_border_radius=&#8221;none&#8221; row_border_radius_applies=&#8221;bg&#8221; overflow=&#8221;visible&#8221; overlay_strength=&#8221;0.3&#8243; gradient_direction=&#8221;left_to_right&#8221; shape_divider_position=&#8221;bottom&#8221; bg_image_animation=&#8221;none&#8221; gradient_type=&#8221;default&#8221; shape_type=&#8221;&#8221;][vc_column column_padding=&#8221;no-extra-padding&#8221; column_padding_tablet=&#8221;inherit&#8221; column_padding_phone=&#8221;inherit&#8221; column_padding_position=&#8221;all&#8221; column_element_direction_desktop=&#8221;default&#8221;&#8230;<\/p>\n","protected":false},"author":1,"featured_media":0,"parent":6135,"menu_order":0,"comment_status":"closed","ping_status":"closed","template":"","meta":{"footnotes":""},"folder":[],"class_list":["post-6488","page","type-page","status-publish"],"_links":{"self":[{"href":"https:\/\/www.lifemarenatura.eu\/it\/wp-json\/wp\/v2\/pages\/6488","targetHints":{"allow":["GET"]}}],"collection":[{"href":"https:\/\/www.lifemarenatura.eu\/it\/wp-json\/wp\/v2\/pages"}],"about":[{"href":"https:\/\/www.lifemarenatura.eu\/it\/wp-json\/wp\/v2\/types\/page"}],"author":[{"embeddable":true,"href":"https:\/\/www.lifemarenatura.eu\/it\/wp-json\/wp\/v2\/users\/1"}],"replies":[{"embeddable":true,"href":"https:\/\/www.lifemarenatura.eu\/it\/wp-json\/wp\/v2\/comments?post=6488"}],"version-history":[{"count":9,"href":"https:\/\/www.lifemarenatura.eu\/it\/wp-json\/wp\/v2\/pages\/6488\/revisions"}],"predecessor-version":[{"id":6670,"href":"https:\/\/www.lifemarenatura.eu\/it\/wp-json\/wp\/v2\/pages\/6488\/revisions\/6670"}],"up":[{"embeddable":true,"href":"https:\/\/www.lifemarenatura.eu\/it\/wp-json\/wp\/v2\/pages\/6135"}],"wp:attachment":[{"href":"https:\/\/www.lifemarenatura.eu\/it\/wp-json\/wp\/v2\/media?parent=6488"}],"wp:term":[{"taxonomy":"folder","embeddable":true,"href":"https:\/\/www.lifemarenatura.eu\/it\/wp-json\/wp\/v2\/folder?post=6488"}],"curies":[{"name":"wp","href":"https:\/\/api.w.org\/{rel}","templated":true}]}}